{"id":1232,"date":"2025-07-15T14:09:40","date_gmt":"2025-07-15T14:09:40","guid":{"rendered":"https:\/\/memorymaker.at\/?page_id=1232"},"modified":"2025-07-15T14:09:40","modified_gmt":"2025-07-15T14:09:40","slug":"legal-notice","status":"publish","type":"page","link":"https:\/\/memorymaker.at\/de\/legal-notice\/","title":{"rendered":"Impressum"},"content":{"rendered":"<p>Informationspflicht laut \u00a75 E-Commerce Gesetz, \u00a714 Unternehmensgesetzbuch, \u00a763 Gewerbeordnung und Offenlegungspflicht laut \u00a725 Mediengesetz.<\/p>\n\n\n\n<p>BOSU GmbH<\/p>\n\n\n\n<p>Gesch\u00e4ftsf\u00fchrer: Denys Sukhorebsky, Roman Bodnar<\/p>\n\n\n\n<p>H\u00f6rlgasse 5\/2, 1090 Wien, \u00d6sterreich<\/p>\n\n\n\n<p>Liegt in der politischen Gemeinde Wien<\/p>\n\n\n\n<p>FN 587756 y \u2013 Bezirksgericht Wien<\/p>\n\n\n\n<p>Unternehmensgegenstand: Vermietung von G\u00e4stezimmern, Erbringung von Reinigungsdienstleistungen<\/p>\n\n\n\n<p>Umsatzsteuer-Identifikationsnummer: ATU 78539627<\/p>\n\n\n\n<p>Telefon: +43 681 20538578<\/p>\n\n\n\n<p>E-Mail: info@dwellbell.at<\/p>\n\n\n\n<p>Mitglied bei: WKO, WAW (Wiener Wohnungseigent\u00fcmerverband)<\/p>\n\n\n\n<p>Berufsrecht: Gewerbeordnung: www.ris.bka.gv.at<\/p>\n\n\n\n<p>Verleihungsstaat: \u00d6sterreich<\/p>\n\n\n\n<p><strong>Streitschlichtung<\/strong><\/p>\n\n\n\n<p>Gem\u00e4\u00df der Verordnung \u00fcber Online-Streitbeilegung in Verbraucherangelegenheiten (ODR-Verordnung) m\u00f6chten wir Sie \u00fcber die Online-Streitbeilegungsplattform (OS-Plattform) informieren.<\/p>\n\n\n\n<p>Verbraucher haben die M\u00f6glichkeit, Beschwerden an die Online-Streitbeilegungsplattform der Europ\u00e4ischen Kommission unter http:\/\/ec.europa.eu\/odr?tid=121365177 zu richten. Die daf\u00fcr notwendigen Kontaktdaten finden Sie oberhalb unseres Impressums.<\/p>\n\n\n\n<p>Wir weisen jedoch darauf hin, dass wir nicht bereit oder verpflichtet sind, an Streitbeilegungsverfahren vor einer Verbraucherschlichtungsstelle teilzunehmen.<\/p>\n\n\n\n<p><strong>Haftung f\u00fcr Inhalte dieser Webseite<\/strong><\/p>\n\n\n\n<p>Wir entwickeln die Inhalte dieser Webseite st\u00e4ndig weiter und bem\u00fchen uns richtige und aktuelle Informationen bereitzustellen. Leider k\u00f6nnen wir keine Haftung f\u00fcr die Korrektheit aller Inhalte auf dieser Webseite \u00fcbernehmen, insbesondere f\u00fcr jene die seitens Dritter bereitgestellt wurden.<\/p>\n\n\n\n<p>Sollten Ihnen problematische oder rechtswidrige Inhalte auffallen, bitten wir Sie, uns umgehend zu kontaktieren, die Kontaktdaten finden Sie im Impressum.<\/p>\n\n\n\n<p><strong>Haftung f\u00fcr Links auf dieser Website<\/strong><\/p>\n\n\n\n<p>Unsere Webseite enth\u00e4lt Links zu anderen Webseiten f\u00fcr deren Inhalt wir nicht verantwortlich sind. Haftung f\u00fcr verlinkte Websites besteht laut \u00a7 17 ECG f\u00fcr uns nicht, da wir keine Kenntnis rechtswidriger T\u00e4tigkeiten hatten und haben, uns solche Rechtswidrigkeiten auch bisher nicht aufgefallen sind und wir Links sofort entfernen w\u00fcrden, wenn uns Rechtswidrigkeiten bekannt werden.<\/p>\n\n\n\n<p>Wenn Ihnen rechtswidrige Links auf unserer Website auffallen, bitten wir Sie uns zu kontaktieren, die Kontaktdaten finden Sie im Impressum.<\/p>\n\n\n\n<p><strong>Urheberrechtshinweis<\/strong><\/p>\n\n\n\n<p>Alle Inhalte dieser Webseite (Bilder, Fotos, Texte, Videos) unterliegen dem Urheberrecht. Unerlaubte Nutzung von Teilen der Inhalte unserer Seite werden wir gegebenenfalls rechtlich verfolgen.<\/p>\n\n\n\n<p>Sollten Sie auf dieser Website Inhalte finden, die gegen das Urheberrecht versto\u00dfen, bitten wir Sie, uns zu kontaktieren.<\/p>\n\n\n\n<p><strong>Datenschutzrichtlinie<\/strong><\/p>\n\n\n\n<p>Datenschutz<\/p>\n\n\n\n<p>Wir haben diese Datenschutzerkl\u00e4rung (Fassung 01.01.1970-121365177) verfasst, um Ihnen gem\u00e4\u00df der Vorgaben der Datenschutz-Grundverordnung (EU) 2016\/679 zu erkl\u00e4ren, welche Informationen wir sammeln, wie wir Daten verwenden und welche Entscheidungsm\u00f6glichkeiten Sie als Besucher dieser Webseite haben.<\/p>\n\n\n\n<p>Leider liegt es in der Natur der Sache, dass diese Erkl\u00e4rungen sehr technisch klingen, wir haben uns jedoch bem\u00fcht, die wichtigsten Dinge so einfach und klar wie m\u00f6glich zu beschreiben.<\/p>\n\n\n\n<p><strong>Datenschutzerkl\u00e4rung und Einwilligung<\/strong><\/p>\n\n\n\n<p>Die im G\u00e4stemeldeschein (erhalten Sie bei Anreise) angegebenen Daten sind f\u00fcr die beh\u00f6rdliche G\u00e4steregistrierung erforderlich und werden an die Gemeinde\/Stadt und den Tourismusverband weitergegeben. Bei der Registrierung werden Ihre Daten an unsere Gesch\u00e4ftspartner weitergegeben. Als Hauptreisender bzw. Reiseleiter erkl\u00e4ren Sie sich damit einverstanden, die von Ihnen benannten Mitreisenden hier\u00fcber zu informieren und deren Einwilligung ebenfalls einzuholen. Sie haben das Recht, die hiermit mitgeteilte Datenschutzbestimmung bis 12 Stunden vor dem geplanten Anreisetag schriftlich zu widerrufen. Ohne Widerruf haben Sie sich mit unserer Datenschutzerkl\u00e4rung einverstanden erkl\u00e4rt.<\/p>\n\n\n\n<p><strong>Speicherung personenbezogener Daten<\/strong><\/p>\n\n\n\n<p>Pers\u00f6nliche Daten, die Sie uns auf dieser Website elektronisch \u00fcbermitteln, wie zum Beispiel Name, E-Mail-Adresse, Adresse oder andere pers\u00f6nlichen Angaben im Rahmen der \u00dcbermittlung eines Formulars oder Kommentaren im Blog, werden von uns gemeinsam mit dem Zeitpunkt und der IP-Adresse nur zum jeweils angegebenen Zweck verwendet, sicher verwahrt und nicht an Dritte weitergegeben. Laut Gesetz werden die Daten 7 Jahre gespeichert, danach werden sie automatisch gel\u00f6scht.<\/p>\n\n\n\n<p>Wir nutzen Ihre pers\u00f6nlichen Daten somit nur f\u00fcr die Kommunikation mit jenen Besuchern, die Kontakt ausdr\u00fccklich w\u00fcnschen und f\u00fcr die Abwicklung der auf dieser Webseite angebotenen Dienstleistungen und Produkte. Wir geben Ihre pers\u00f6nlichen Daten ohne Zustimmung nicht weiter, k\u00f6nnen jedoch nicht ausschlie\u00dfen, dass diese Daten beim Vorliegen von rechtswidrigem Verhalten eingesehen werden.<\/p>\n\n\n\n<p>Wenn Sie uns pers\u00f6nliche Daten per E-Mail schicken \u2013 somit abseits dieser Webseite \u2013 k\u00f6nnen wir keine sichere \u00dcbertragung und den Schutz Ihrer Daten garantieren. Wir empfehlen Ihnen, vertrauliche Daten niemals unverschl\u00fcsselt per E-Mail zu \u00fcbermitteln.<\/p>\n\n\n\n<p><strong>Rechte laut Datenschutzgrundverordnung<\/strong><\/p>\n\n\n\n<p>Ihnen stehen laut den Bestimmungen der DSGVO und des \u00f6sterreichischen Datenschutzgesetzes (DSG) grunds\u00e4tzlich die folgende Rechte zu:<\/p>\n\n\n\n<p>Recht auf Berichtigung (Art. 16 DS-GVO)<\/p>\n\n\n\n<p>Recht auf L\u00f6schung (\u201eRecht auf Vergessenwerden\u201c) (Artikel 17 DSGVO)<\/p>\n\n\n\n<p>Recht auf Einschr\u00e4nkung der Verarbeitung (Art. 18 DS-GVO)<\/p>\n\n\n\n<p>Recht auf Benachrichtigung \u2013 Informationspflicht im Zusammenhang mit der Berichtigung oder L\u00f6schung personenbezogener Daten oder der Einschr\u00e4nkung der Verarbeitung (Artikel 19 DSGVO)<\/p>\n\n\n\n<p>Recht auf Daten\u00fcbertragbarkeit (Art. 20 DS-GVO)<\/p>\n\n\n\n<p>Widerspruchsrecht (Art. 21 DS-GVO)<\/p>\n\n\n\n<p>Recht, nicht einer ausschlie\u00dflich auf einer automatisierten Verarbeitung \u2013 einschlie\u00dflich Profiling \u2013 beruhenden Entscheidung unterworfen zu werden (Artikel 22 DSGVO)<\/p>\n\n\n\n<p>Wenn Sie glauben, dass die Verarbeitung Ihrer Daten gegen das Datenschutzrecht verst\u00f6\u00dft oder Ihre datenschutzrechtlichen Anspr\u00fcche sonst in einer Weise verletzt worden sind, k\u00f6nnen Sie sich bei der Aufsichtsbeh\u00f6rde beschweren. In \u00d6sterreich ist dies die Datenschutzbeh\u00f6rde, deren Webseite Sie unter https:\/\/www.dsb.gv.at\/ finden.<\/p>\n\n\n\n<p>Erkl\u00e4rung zur Informationspflicht<\/p>\n\n\n\n<p>Datenschutzrichtlinie<\/p>\n\n\n\n<p>In diesen Datenschutzinformationen informieren wir Sie \u00fcber die wichtigsten Aspekte der Datenverarbeitung im Rahmen unserer Website. Wir erheben und verarbeiten personenbezogene Daten ausschlie\u00dflich auf Grundlage der gesetzlichen Bestimmungen (DSGVO, TKG 2003).<\/p>\n\n\n\n<p>Sobald Sie als Nutzer unsere Website aufrufen bzw. besuchen, werden Ihre IP-Adresse sowie Beginn- und Endzeitpunkt der Sitzung erfasst. Dies ist technisch bedingt und stellt somit ein berechtigtes Interesse im Sinne des Art 6 Abs 1 lit f DSGVO dar. Sofern in der folgenden Datenschutzerkl\u00e4rung nichts anderes geregelt ist, werden diese Daten von uns nicht weiterverarbeitet.<\/p>\n\n\n\n<p><strong>Cookie Einstellungen<\/strong><\/p>\n\n\n\n<p>Unsere Website verwendet so genannte Cookies. Dabei handelt es sich um kleine Textdateien, die mit Hilfe des Browsers auf Ihrem Endger\u00e4t abgelegt werden. Sie richten keinen Schaden an. Wir nutzen Cookies dazu, unser Angebot nutzerfreundlich zu gestalten. Einige Cookies bleiben auf Ihrem Endger\u00e4t gespeichert, bis Sie diese l\u00f6schen. Sie erm\u00f6glichen es uns, Ihren Browser beim n\u00e4chsten Besuch wiederzuerkennen.<br>Wenn Sie dies nicht w\u00fcnschen, so k\u00f6nnen Sie Ihren Browser so einrichten, dass er Sie \u00fcber das Setzen von Cookies informiert und Sie dies nur im Einzelfall erlauben. Bei der Deaktivierung von Cookies kann die Funktionalit\u00e4t unserer Website eingeschr\u00e4nkt sein.<\/p>\n\n\n\n<p>Server-Log-Dateien<\/p>\n\n\n\n<p>Zur Optimierung dieser Website in Bezug auf die System-Performance, Benutzerfreundlichkeit und Bereitstellung von n\u00fctzlichen Informationen \u00fcber unsere Dienstleistungen erhebt und speichert der Provider der Website automatisch Informationen in so genannten Server-Log Files, die Ihr Browser automatisch an uns \u00fcbermittelt. Davon umfasst sind Ihre Internet-Protokoll (IP)-Adresse, Browser und Spracheinstellung, Betriebssystem, Referrer URL, Ihr Internet Service Provider und Datum\/Uhrzeit.<br>Eine Zusammenf\u00fchrung dieser Daten mit personenbezogenen Datenquellen wird nicht vorgenommen. Wir behalten uns vor, diese Daten nachtr\u00e4glich zu pr\u00fcfen, wenn uns konkrete Anhaltspunkte f\u00fcr eine rechtswidrige Nutzung bekannt werden.<\/p>\n\n\n\n<p><strong>Kontakt<\/strong><\/p>\n\n\n\n<p>Wenn Sie per Formular auf der Website oder per E-Mail Kontakt mit uns aufnehmen, werden Ihre angegebenen Daten zwecks Bearbeitung der Anfrage und f\u00fcr den Fall von Anschlussfragen sechs Monate bei uns gespeichert. Diese Daten geben wir nicht ohne Ihre Einwilligung weiter.<\/p>\n\n\n\n<p><strong>Ihre Rechte<\/strong><\/p>\n\n\n\n<p>Ihnen stehen grunds\u00e4tzlich die Rechte auf Auskunft, Berichtigung, L\u00f6schung, Einschr\u00e4nkung, Daten\u00fcbertragbarkeit, Widerruf und Widerspruch zu. Wenn Sie glauben, dass die Verarbeitung Ihrer Daten gegen das Datenschutzrecht verst\u00f6\u00dft oder Ihre datenschutzrechtlichen Anspr\u00fcche sonst in einer Weise verletzt worden sind, k\u00f6nnen Sie sich bei der Aufsichtsbeh\u00f6rde beschweren. In \u00d6sterreich ist dies die Datenschutzbeh\u00f6rde.<\/p>\n\n\n\n<p>Sie erreichen uns unter folgenden Kontaktdaten:<\/p>\n\n\n\n<p>Webseitenbetreiber: Dwell Bell \/ BOSU GmbH<\/p>\n\n\n\n<p>Telefonnummer: +43 1 424 00 34<\/p>\n\n\n\n<p>E-Mail: info@dwell.bell.at<\/p>","protected":false},"excerpt":{"rendered":"<p>Informationspflicht laut \u00a75 E-Commerce Gesetz, \u00a714 Unternehmensgesetzbuch, \u00a763 Gewerbeordnung und Offenlegungspflicht laut \u00a725 Mediengesetz. BOSU GmbH Gesch\u00e4ftsf\u00fchrer: Denys Sukhorebsky, Roman Bodnar H\u00f6rlgasse 5\/2, 1090 Wien, \u00d6sterreich Sitz in der politischen Gemeinde Wien FN 587756 y \u2013 Bezirksgericht Wien Unternehmensgegenstand: Vermietung von G\u00e4stezimmern, Bereitstellung von [\u2026]<\/p>","protected":false},"author":1,"featured_media":0,"parent":0,"menu_order":0,"comment_status":"closed","ping_status":"closed","template":"","meta":{"footnotes":""},"class_list":["post-1232","page","type-page","status-publish","hentry"],"_links":{"self":[{"href":"https:\/\/memorymaker.at\/de\/wp-json\/wp\/v2\/pages\/1232","targetHints":{"allow":["GET"]}}],"collection":[{"href":"https:\/\/memorymaker.at\/de\/wp-json\/wp\/v2\/pages"}],"about":[{"href":"https:\/\/memorymaker.at\/de\/wp-json\/wp\/v2\/types\/page"}],"author":[{"embeddable":true,"href":"https:\/\/memorymaker.at\/de\/wp-json\/wp\/v2\/users\/1"}],"replies":[{"embeddable":true,"href":"https:\/\/memorymaker.at\/de\/wp-json\/wp\/v2\/comments?post=1232"}],"version-history":[{"count":1,"href":"https:\/\/memorymaker.at\/de\/wp-json\/wp\/v2\/pages\/1232\/revisions"}],"predecessor-version":[{"id":1234,"href":"https:\/\/memorymaker.at\/de\/wp-json\/wp\/v2\/pages\/1232\/revisions\/1234"}],"wp:attachment":[{"href":"https:\/\/memorymaker.at\/de\/wp-json\/wp\/v2\/media?parent=1232"}],"curies":[{"name":"wp","href":"https:\/\/api.w.org\/{rel}","templated":true}]}}